{"id":59,"date":"2015-04-29T01:37:21","date_gmt":"2015-04-29T01:37:21","guid":{"rendered":"http:\/\/umluxodeviagem.tempsite.ws\/?page_id=59"},"modified":"2020-03-04T22:27:20","modified_gmt":"2020-03-05T01:27:20","slug":"anuncie","status":"publish","type":"page","link":"https:\/\/umluxodeviagem.com.br\/?page_id=59","title":{"rendered":"Anuncie"},"content":{"rendered":"\n<p>Um Luxo de Viagem acaba de ser lan\u00e7ado. Trata-se de um site de conte\u00fado exclusivo de viagens de luxo, desenvolvido com extremo bom gosto e que ter\u00e1 todas as m\u00eddias sociais (Site, Facebook, Instagram) para a divulga\u00e7\u00e3o de not\u00edcias e an\u00fancios. Idealizado para quem sabe que o melhor investimento da vida \u00e9 viajar e ter experi\u00eancias transformadoras como ser humano. Altru\u00edsmo e filantropia fazem parte  da nossa consci\u00eancia \u00e9tica. Se o seu produto ou servi\u00e7o ainda n\u00e2o est\u00e2o aqui, saiba que este \u00e9 o melhor momento. Com alt\u00edssimo n\u00edvel de envolvimento, nossos leitores s\u00e3o participativos, adoram interagir e conhecer novos produtos e destinos, n\u00e3o se importando muito com o pre\u00e7o que pagam, mas sim, com a qualidade do que encontram. Um caf\u00e9 da manh\u00e3 com o mar transl\u00facido das Maldivas? Ou um p\u00f4r do sol em um hotel rom\u00e2ntico no Algarve? Caminhar sobre as areais douradas de Assinie, na Costa do Marfim? Ou  voar at\u00e9 Dubai? Um Luxo de Viagem tem muitos diferenciais e chega para aqueles que sabem sonhar e realizar a melhor viagem! Entre em contato conosco e receba nosso m\u00eddia kit, com condi\u00e7\u00f5es especiais. Anuncie aqui e ajude a realizar o sonho de cada viajante.<\/p>\n\n\n\n<p><\/p>\n\n\n\n<h2>Projetos Digitais, Impressos e Document\u00e1rios<\/h2>\n\n\n\n<p>Al\u00e9m das plataformas digitais tradicionais (Site, Facebook e Instagram) oferecemos trabalhos editoriais para empresas do setor divulgarem seus produtos ou servi\u00e7os por meio de publica\u00e7\u00f5es impressas, como revistas customizadas, cat\u00e1logos, guias e anu\u00e1rios. Diagrama\u00e7\u00e3o moderna e conte\u00fado de qualidade s\u00e3o a nossa especialidade. Temos tamb\u00e9m uma equipe altamente especializada em v\u00eddeos, filmes e document\u00e1rios. Se voc\u00ea representa um destino,&nbsp;por exemplo, e precisa produzir um v\u00eddeo&nbsp;institucional, temos o know-how necess\u00e1rio para isso. Entre em contato para or\u00e7amento sem compromisso e&nbsp;coloque a sua marca em evid\u00eancia para os nossos consumidores em potencial.&nbsp;Voc\u00ea pode entrar em contato pelo e-mail&nbsp;<a href=\"mailto:marciasantos@umluxodeviagem.com.br\">marciasantos@umluxodeviagem.com.br<\/a>&nbsp; &nbsp;ou pelo telefone\/ whatsapp 55-11-965530331<\/p>\n\n\n\n<h4><br>Fale Conosco no formul\u00e1rio abaixo:&nbsp;<\/h4>\n\n\n<div class=\"wpcf7 no-js\" id=\"wpcf7-f810-o1\" lang=\"pt-BR\" dir=\"ltr\">\n<div class=\"screen-reader-response\"><p role=\"status\" aria-live=\"polite\" aria-atomic=\"true\"><\/p> <ul><\/ul><\/div>\n<form action=\"\/index.php?rest_route=%2Fwp%2Fv2%2Fpages%2F59#wpcf7-f810-o1\" method=\"post\" class=\"wpcf7-form init\" aria-label=\"Formul\u00e1rios de contato\" novalidate=\"novalidate\" data-status=\"init\">\n<div style=\"display: none;\">\n<input type=\"hidden\" name=\"_wpcf7\" value=\"810\" \/>\n<input type=\"hidden\" name=\"_wpcf7_version\" value=\"5.7.1\" \/>\n<input type=\"hidden\" name=\"_wpcf7_locale\" value=\"pt_BR\" \/>\n<input type=\"hidden\" name=\"_wpcf7_unit_tag\" value=\"wpcf7-f810-o1\" \/>\n<input type=\"hidden\" name=\"_wpcf7_container_post\" value=\"0\" \/>\n<input type=\"hidden\" name=\"_wpcf7_posted_data_hash\" value=\"\" \/>\n<\/div>\n<p><label> Seu nome (obrigat\u00f3rio)<br \/>\n<span class=\"wpcf7-form-control-wrap\" data-name=\"your-name\"><input size=\"40\" class=\"wpcf7-form-control wpcf7-text wpcf7-validates-as-required\" aria-required=\"true\" aria-invalid=\"false\" value=\"\" type=\"text\" name=\"your-name\" \/><\/span> <\/label>\n<\/p>\n<p><label> Seu e-mail (obrigat\u00f3rio)<br \/>\n<span class=\"wpcf7-form-control-wrap\" data-name=\"your-email\"><input size=\"40\" class=\"wpcf7-form-control wpcf7-text wpcf7-email wpcf7-validates-as-required wpcf7-validates-as-email\" aria-required=\"true\" aria-invalid=\"false\" value=\"\" type=\"email\" name=\"your-email\" \/><\/span> <\/label>\n<\/p>\n<p><label> Assunto<br \/>\n<span class=\"wpcf7-form-control-wrap\" data-name=\"your-subject\"><input size=\"40\" class=\"wpcf7-form-control wpcf7-text\" aria-invalid=\"false\" value=\"\" type=\"text\" name=\"your-subject\" \/><\/span> <\/label>\n<\/p>\n<p><label> Sua mensagem<br \/>\n<span class=\"wpcf7-form-control-wrap\" data-name=\"your-message\"><textarea cols=\"40\" rows=\"10\" class=\"wpcf7-form-control wpcf7-textarea\" aria-invalid=\"false\" name=\"your-message\"><\/textarea><\/span> <\/label>\n<\/p>\n<p><input class=\"wpcf7-form-control has-spinner wpcf7-submit\" type=\"submit\" value=\"Enviar\" \/>\n<\/p><div class=\"wpcf7-response-output\" aria-hidden=\"true\"><\/div><\/form><\/div>\n","protected":false},"excerpt":{"rendered":"<p>Um Luxo de Viagem acaba de ser lan\u00e7ado. Trata-se de um site de conte\u00fado exclusivo de viagens de luxo, desenvolvido com extremo bom gosto e que ter\u00e1 todas as m\u00eddias sociais (Site, Facebook, Instagram) para a divulga\u00e7\u00e3o de not\u00edcias e an\u00fancios. Idealizado para quem sabe que o melhor investimento da vida \u00e9 viajar e ter&hellip; <br \/> <a class=\"read-more\" href=\"https:\/\/umluxodeviagem.com.br\/?page_id=59\">Leia mais<\/a><\/p>\n","protected":false},"author":1,"featured_media":0,"parent":0,"menu_order":0,"comment_status":"closed","ping_status":"open","template":"","meta":[],"yoast_head":"<!-- This site is optimized with the Yoast SEO plugin v19.13 - https:\/\/yoast.com\/wordpress\/plugins\/seo\/ -->\n<title>Anuncie - Um luxo de viagem!<\/title>\n<meta name=\"robots\" content=\"index, follow, max-snippet:-1, max-image-preview:large, max-video-preview:-1\" \/>\n<link rel=\"canonical\" href=\"https:\/\/umluxodeviagem.com.br\/?page_id=59\" \/>\n<meta property=\"og:locale\" content=\"pt_BR\" \/>\n<meta property=\"og:type\" content=\"article\" \/>\n<meta property=\"og:title\" content=\"Anuncie - Um luxo de viagem!\" \/>\n<meta property=\"og:description\" content=\"Um Luxo de Viagem acaba de ser lan\u00e7ado. Trata-se de um site de conte\u00fado exclusivo de viagens de luxo, desenvolvido com extremo bom gosto e que ter\u00e1 todas as m\u00eddias sociais (Site, Facebook, Instagram) para a divulga\u00e7\u00e3o de not\u00edcias e an\u00fancios. Idealizado para quem sabe que o melhor investimento da vida \u00e9 viajar e ter&hellip; Leia mais\" \/>\n<meta property=\"og:url\" content=\"https:\/\/umluxodeviagem.com.br\/?page_id=59\" \/>\n<meta property=\"og:site_name\" content=\"Um luxo de viagem!\" \/>\n<meta property=\"article:publisher\" content=\"https:\/\/www.facebook.com\/Um-luxo-de-viagem-1382513402055793\/\" \/>\n<meta property=\"article:modified_time\" content=\"2020-03-05T01:27:20+00:00\" \/>\n<meta name=\"twitter:label1\" content=\"Est. tempo de leitura\" \/>\n\t<meta name=\"twitter:data1\" content=\"2 minutos\" \/>\n<script type=\"application\/ld+json\" class=\"yoast-schema-graph\">{\"@context\":\"https:\/\/schema.org\",\"@graph\":[{\"@type\":\"WebPage\",\"@id\":\"https:\/\/umluxodeviagem.com.br\/?page_id=59\",\"url\":\"https:\/\/umluxodeviagem.com.br\/?page_id=59\",\"name\":\"Anuncie - Um luxo de viagem!\",\"isPartOf\":{\"@id\":\"https:\/\/umluxodeviagem.com.br\/#website\"},\"datePublished\":\"2015-04-29T01:37:21+00:00\",\"dateModified\":\"2020-03-05T01:27:20+00:00\",\"breadcrumb\":{\"@id\":\"https:\/\/umluxodeviagem.com.br\/?page_id=59#breadcrumb\"},\"inLanguage\":\"pt-BR\",\"potentialAction\":[{\"@type\":\"ReadAction\",\"target\":[\"https:\/\/umluxodeviagem.com.br\/?page_id=59\"]}]},{\"@type\":\"BreadcrumbList\",\"@id\":\"https:\/\/umluxodeviagem.com.br\/?page_id=59#breadcrumb\",\"itemListElement\":[{\"@type\":\"ListItem\",\"position\":1,\"name\":\"In\u00edcio\",\"item\":\"https:\/\/umluxodeviagem.com.br\/\"},{\"@type\":\"ListItem\",\"position\":2,\"name\":\"Anuncie\"}]},{\"@type\":\"WebSite\",\"@id\":\"https:\/\/umluxodeviagem.com.br\/#website\",\"url\":\"https:\/\/umluxodeviagem.com.br\/\",\"name\":\"Um luxo de viagem\",\"description\":\"A melhor viagem \u00e9 sempre aquela que te transforma\",\"publisher\":{\"@id\":\"https:\/\/umluxodeviagem.com.br\/#organization\"},\"potentialAction\":[{\"@type\":\"SearchAction\",\"target\":{\"@type\":\"EntryPoint\",\"urlTemplate\":\"https:\/\/umluxodeviagem.com.br\/?s={search_term_string}\"},\"query-input\":\"required name=search_term_string\"}],\"inLanguage\":\"pt-BR\"},{\"@type\":\"Organization\",\"@id\":\"https:\/\/umluxodeviagem.com.br\/#organization\",\"name\":\"Um Luxo de Viagem\",\"url\":\"https:\/\/umluxodeviagem.com.br\/\",\"logo\":{\"@type\":\"ImageObject\",\"inLanguage\":\"pt-BR\",\"@id\":\"https:\/\/umluxodeviagem.com.br\/#\/schema\/logo\/image\/\",\"url\":\"\",\"contentUrl\":\"\",\"caption\":\"Um Luxo de Viagem\"},\"image\":{\"@id\":\"https:\/\/umluxodeviagem.com.br\/#\/schema\/logo\/image\/\"},\"sameAs\":[\"http:\/\/instagram.com\/umluxodeviagemsempre\",\"https:\/\/www.facebook.com\/Um-luxo-de-viagem-1382513402055793\/\"]}]}<\/script>\n<!-- \/ Yoast SEO plugin. -->","yoast_head_json":{"title":"Anuncie - Um luxo de viagem!","robots":{"index":"index","follow":"follow","max-snippet":"max-snippet:-1","max-image-preview":"max-image-preview:large","max-video-preview":"max-video-preview:-1"},"canonical":"https:\/\/umluxodeviagem.com.br\/?page_id=59","og_locale":"pt_BR","og_type":"article","og_title":"Anuncie - Um luxo de viagem!","og_description":"Um Luxo de Viagem acaba de ser lan\u00e7ado. Trata-se de um site de conte\u00fado exclusivo de viagens de luxo, desenvolvido com extremo bom gosto e que ter\u00e1 todas as m\u00eddias sociais (Site, Facebook, Instagram) para a divulga\u00e7\u00e3o de not\u00edcias e an\u00fancios. Idealizado para quem sabe que o melhor investimento da vida \u00e9 viajar e ter&hellip; Leia mais","og_url":"https:\/\/umluxodeviagem.com.br\/?page_id=59","og_site_name":"Um luxo de viagem!","article_publisher":"https:\/\/www.facebook.com\/Um-luxo-de-viagem-1382513402055793\/","article_modified_time":"2020-03-05T01:27:20+00:00","twitter_misc":{"Est. tempo de leitura":"2 minutos"},"schema":{"@context":"https:\/\/schema.org","@graph":[{"@type":"WebPage","@id":"https:\/\/umluxodeviagem.com.br\/?page_id=59","url":"https:\/\/umluxodeviagem.com.br\/?page_id=59","name":"Anuncie - Um luxo de viagem!","isPartOf":{"@id":"https:\/\/umluxodeviagem.com.br\/#website"},"datePublished":"2015-04-29T01:37:21+00:00","dateModified":"2020-03-05T01:27:20+00:00","breadcrumb":{"@id":"https:\/\/umluxodeviagem.com.br\/?page_id=59#breadcrumb"},"inLanguage":"pt-BR","potentialAction":[{"@type":"ReadAction","target":["https:\/\/umluxodeviagem.com.br\/?page_id=59"]}]},{"@type":"BreadcrumbList","@id":"https:\/\/umluxodeviagem.com.br\/?page_id=59#breadcrumb","itemListElement":[{"@type":"ListItem","position":1,"name":"In\u00edcio","item":"https:\/\/umluxodeviagem.com.br\/"},{"@type":"ListItem","position":2,"name":"Anuncie"}]},{"@type":"WebSite","@id":"https:\/\/umluxodeviagem.com.br\/#website","url":"https:\/\/umluxodeviagem.com.br\/","name":"Um luxo de viagem","description":"A melhor viagem \u00e9 sempre aquela que te transforma","publisher":{"@id":"https:\/\/umluxodeviagem.com.br\/#organization"},"potentialAction":[{"@type":"SearchAction","target":{"@type":"EntryPoint","urlTemplate":"https:\/\/umluxodeviagem.com.br\/?s={search_term_string}"},"query-input":"required name=search_term_string"}],"inLanguage":"pt-BR"},{"@type":"Organization","@id":"https:\/\/umluxodeviagem.com.br\/#organization","name":"Um Luxo de Viagem","url":"https:\/\/umluxodeviagem.com.br\/","logo":{"@type":"ImageObject","inLanguage":"pt-BR","@id":"https:\/\/umluxodeviagem.com.br\/#\/schema\/logo\/image\/","url":"","contentUrl":"","caption":"Um Luxo de Viagem"},"image":{"@id":"https:\/\/umluxodeviagem.com.br\/#\/schema\/logo\/image\/"},"sameAs":["http:\/\/instagram.com\/umluxodeviagemsempre","https:\/\/www.facebook.com\/Um-luxo-de-viagem-1382513402055793\/"]}]}},"_links":{"self":[{"href":"https:\/\/umluxodeviagem.com.br\/index.php?rest_route=\/wp\/v2\/pages\/59"}],"collection":[{"href":"https:\/\/umluxodeviagem.com.br\/index.php?rest_route=\/wp\/v2\/pages"}],"about":[{"href":"https:\/\/umluxodeviagem.com.br\/index.php?rest_route=\/wp\/v2\/types\/page"}],"author":[{"embeddable":true,"href":"https:\/\/umluxodeviagem.com.br\/index.php?rest_route=\/wp\/v2\/users\/1"}],"replies":[{"embeddable":true,"href":"https:\/\/umluxodeviagem.com.br\/index.php?rest_route=%2Fwp%2Fv2%2Fcomments&post=59"}],"version-history":[{"count":12,"href":"https:\/\/umluxodeviagem.com.br\/index.php?rest_route=\/wp\/v2\/pages\/59\/revisions"}],"predecessor-version":[{"id":1278,"href":"https:\/\/umluxodeviagem.com.br\/index.php?rest_route=\/wp\/v2\/pages\/59\/revisions\/1278"}],"wp:attachment":[{"href":"https:\/\/umluxodeviagem.com.br\/index.php?rest_route=%2Fwp%2Fv2%2Fmedia&parent=59"}],"curies":[{"name":"wp","href":"https:\/\/api.w.org\/{rel}","templated":true}]}}