{"id":73,"date":"2015-05-11T23:35:57","date_gmt":"2015-05-11T23:35:57","guid":{"rendered":"http:\/\/umluxodeviagem.tempsite.ws\/?page_id=73"},"modified":"2021-01-26T12:43:28","modified_gmt":"2021-01-26T15:43:28","slug":"imprensa","status":"publish","type":"page","link":"https:\/\/umluxodeviagem.com.br\/?page_id=73","title":{"rendered":"Imprensa"},"content":{"rendered":"<p>Nossas plataformas de conte\u00fado contam com a m\u00e1xima qualidade, trazendo a cada dia, informa\u00e7\u00f5es&nbsp; de ponta que v\u00e3o ajudar o leitor viajante na sua jornada pelo mundo.&nbsp;Para isso temos um departamento de imprensa sempre pronto para receber suas sugest\u00f5es de pauta, al\u00e9m de convites para eventos, convites&nbsp;para viagens, reuni\u00f5es de neg\u00f3cios e coletivas de imprensa, tanto no Brasil quanto no exterior. Voc\u00ea pode entrar em contato pelo e-mail&nbsp;<a href=\"mailto:marciasantos@umluxodeviagem.com.br\" rel=\"noreferrer\">marciasantos@umluxodeviagem.com.br<\/a>&nbsp; &nbsp;ou pelo telefone\/ whatsapp 55-11-965530331<\/p>\n<div class=\"wpcf7 no-js\" id=\"wpcf7-f810-o1\" lang=\"pt-BR\" dir=\"ltr\">\n<div class=\"screen-reader-response\"><p role=\"status\" aria-live=\"polite\" aria-atomic=\"true\"><\/p> <ul><\/ul><\/div>\n<form action=\"\/index.php?rest_route=%2Fwp%2Fv2%2Fpages%2F73#wpcf7-f810-o1\" method=\"post\" class=\"wpcf7-form init\" aria-label=\"Formul\u00e1rios de contato\" novalidate=\"novalidate\" data-status=\"init\">\n<div style=\"display: none;\">\n<input type=\"hidden\" name=\"_wpcf7\" value=\"810\" \/>\n<input type=\"hidden\" name=\"_wpcf7_version\" value=\"5.7.1\" \/>\n<input type=\"hidden\" name=\"_wpcf7_locale\" value=\"pt_BR\" \/>\n<input type=\"hidden\" name=\"_wpcf7_unit_tag\" value=\"wpcf7-f810-o1\" \/>\n<input type=\"hidden\" name=\"_wpcf7_container_post\" value=\"0\" \/>\n<input type=\"hidden\" name=\"_wpcf7_posted_data_hash\" value=\"\" \/>\n<\/div>\n<p><label> Seu nome (obrigat\u00f3rio)<br \/>\n<span class=\"wpcf7-form-control-wrap\" data-name=\"your-name\"><input size=\"40\" class=\"wpcf7-form-control wpcf7-text wpcf7-validates-as-required\" aria-required=\"true\" aria-invalid=\"false\" value=\"\" type=\"text\" name=\"your-name\" \/><\/span> <\/label>\n<\/p>\n<p><label> Seu e-mail (obrigat\u00f3rio)<br \/>\n<span class=\"wpcf7-form-control-wrap\" data-name=\"your-email\"><input size=\"40\" class=\"wpcf7-form-control wpcf7-text wpcf7-email wpcf7-validates-as-required wpcf7-validates-as-email\" aria-required=\"true\" aria-invalid=\"false\" value=\"\" type=\"email\" name=\"your-email\" \/><\/span> <\/label>\n<\/p>\n<p><label> Assunto<br \/>\n<span class=\"wpcf7-form-control-wrap\" data-name=\"your-subject\"><input size=\"40\" class=\"wpcf7-form-control wpcf7-text\" aria-invalid=\"false\" value=\"\" type=\"text\" name=\"your-subject\" \/><\/span> <\/label>\n<\/p>\n<p><label> Sua mensagem<br \/>\n<span class=\"wpcf7-form-control-wrap\" data-name=\"your-message\"><textarea cols=\"40\" rows=\"10\" class=\"wpcf7-form-control wpcf7-textarea\" aria-invalid=\"false\" name=\"your-message\"><\/textarea><\/span> <\/label>\n<\/p>\n<p><input class=\"wpcf7-form-control has-spinner wpcf7-submit\" type=\"submit\" value=\"Enviar\" \/>\n<\/p><div class=\"wpcf7-response-output\" aria-hidden=\"true\"><\/div><\/form><\/div>\n","protected":false},"excerpt":{"rendered":"<p>Nossas plataformas de conte\u00fado contam com a m\u00e1xima qualidade, trazendo a cada dia, informa\u00e7\u00f5es&nbsp; de ponta que v\u00e3o ajudar o leitor viajante na sua jornada pelo mundo.&nbsp;Para isso temos um departamento de imprensa sempre pronto para receber suas sugest\u00f5es de pauta, al\u00e9m de convites para eventos, convites&nbsp;para viagens, reuni\u00f5es de neg\u00f3cios e coletivas de imprensa,&hellip; <br \/> <a class=\"read-more\" href=\"https:\/\/umluxodeviagem.com.br\/?page_id=73\">Leia mais<\/a><\/p>\n","protected":false},"author":1,"featured_media":1269,"parent":0,"menu_order":0,"comment_status":"closed","ping_status":"open","template":"","meta":[],"yoast_head":"<!-- This site is optimized with the Yoast SEO plugin v19.13 - https:\/\/yoast.com\/wordpress\/plugins\/seo\/ -->\n<title>Imprensa - Um luxo de viagem!<\/title>\n<meta name=\"robots\" content=\"index, follow, max-snippet:-1, max-image-preview:large, max-video-preview:-1\" \/>\n<link rel=\"canonical\" href=\"https:\/\/umluxodeviagem.com.br\/?page_id=73\" \/>\n<meta property=\"og:locale\" content=\"pt_BR\" \/>\n<meta property=\"og:type\" content=\"article\" \/>\n<meta property=\"og:title\" content=\"Imprensa - Um luxo de viagem!\" \/>\n<meta property=\"og:description\" content=\"Nossas plataformas de conte\u00fado contam com a m\u00e1xima qualidade, trazendo a cada dia, informa\u00e7\u00f5es&nbsp; de ponta que v\u00e3o ajudar o leitor viajante na sua jornada pelo mundo.&nbsp;Para isso temos um departamento de imprensa sempre pronto para receber suas sugest\u00f5es de pauta, al\u00e9m de convites para eventos, convites&nbsp;para viagens, reuni\u00f5es de neg\u00f3cios e coletivas de imprensa,&hellip; Leia mais\" \/>\n<meta property=\"og:url\" content=\"https:\/\/umluxodeviagem.com.br\/?page_id=73\" \/>\n<meta property=\"og:site_name\" content=\"Um luxo de viagem!\" \/>\n<meta property=\"article:publisher\" content=\"https:\/\/www.facebook.com\/Um-luxo-de-viagem-1382513402055793\/\" \/>\n<meta property=\"article:modified_time\" content=\"2021-01-26T15:43:28+00:00\" \/>\n<meta property=\"og:image\" content=\"https:\/\/umluxodeviagem.com.br\/wp-content\/uploads\/2020\/03\/17118-scaled.jpg\" \/>\n\t<meta property=\"og:image:width\" content=\"2560\" \/>\n\t<meta property=\"og:image:height\" content=\"2276\" \/>\n\t<meta property=\"og:image:type\" content=\"image\/jpeg\" \/>\n<meta name=\"twitter:label1\" content=\"Est. tempo de leitura\" \/>\n\t<meta name=\"twitter:data1\" content=\"1 minuto\" \/>\n<script type=\"application\/ld+json\" class=\"yoast-schema-graph\">{\"@context\":\"https:\/\/schema.org\",\"@graph\":[{\"@type\":\"WebPage\",\"@id\":\"https:\/\/umluxodeviagem.com.br\/?page_id=73\",\"url\":\"https:\/\/umluxodeviagem.com.br\/?page_id=73\",\"name\":\"Imprensa - Um luxo de viagem!\",\"isPartOf\":{\"@id\":\"https:\/\/umluxodeviagem.com.br\/#website\"},\"datePublished\":\"2015-05-11T23:35:57+00:00\",\"dateModified\":\"2021-01-26T15:43:28+00:00\",\"breadcrumb\":{\"@id\":\"https:\/\/umluxodeviagem.com.br\/?page_id=73#breadcrumb\"},\"inLanguage\":\"pt-BR\",\"potentialAction\":[{\"@type\":\"ReadAction\",\"target\":[\"https:\/\/umluxodeviagem.com.br\/?page_id=73\"]}]},{\"@type\":\"BreadcrumbList\",\"@id\":\"https:\/\/umluxodeviagem.com.br\/?page_id=73#breadcrumb\",\"itemListElement\":[{\"@type\":\"ListItem\",\"position\":1,\"name\":\"In\u00edcio\",\"item\":\"https:\/\/umluxodeviagem.com.br\/\"},{\"@type\":\"ListItem\",\"position\":2,\"name\":\"Imprensa\"}]},{\"@type\":\"WebSite\",\"@id\":\"https:\/\/umluxodeviagem.com.br\/#website\",\"url\":\"https:\/\/umluxodeviagem.com.br\/\",\"name\":\"Um luxo de viagem\",\"description\":\"A melhor viagem \u00e9 sempre aquela que te transforma\",\"publisher\":{\"@id\":\"https:\/\/umluxodeviagem.com.br\/#organization\"},\"potentialAction\":[{\"@type\":\"SearchAction\",\"target\":{\"@type\":\"EntryPoint\",\"urlTemplate\":\"https:\/\/umluxodeviagem.com.br\/?s={search_term_string}\"},\"query-input\":\"required name=search_term_string\"}],\"inLanguage\":\"pt-BR\"},{\"@type\":\"Organization\",\"@id\":\"https:\/\/umluxodeviagem.com.br\/#organization\",\"name\":\"Um Luxo de Viagem\",\"url\":\"https:\/\/umluxodeviagem.com.br\/\",\"logo\":{\"@type\":\"ImageObject\",\"inLanguage\":\"pt-BR\",\"@id\":\"https:\/\/umluxodeviagem.com.br\/#\/schema\/logo\/image\/\",\"url\":\"\",\"contentUrl\":\"\",\"caption\":\"Um Luxo de Viagem\"},\"image\":{\"@id\":\"https:\/\/umluxodeviagem.com.br\/#\/schema\/logo\/image\/\"},\"sameAs\":[\"http:\/\/instagram.com\/umluxodeviagemsempre\",\"https:\/\/www.facebook.com\/Um-luxo-de-viagem-1382513402055793\/\"]}]}<\/script>\n<!-- \/ Yoast SEO plugin. -->","yoast_head_json":{"title":"Imprensa - Um luxo de viagem!","robots":{"index":"index","follow":"follow","max-snippet":"max-snippet:-1","max-image-preview":"max-image-preview:large","max-video-preview":"max-video-preview:-1"},"canonical":"https:\/\/umluxodeviagem.com.br\/?page_id=73","og_locale":"pt_BR","og_type":"article","og_title":"Imprensa - Um luxo de viagem!","og_description":"Nossas plataformas de conte\u00fado contam com a m\u00e1xima qualidade, trazendo a cada dia, informa\u00e7\u00f5es&nbsp; de ponta que v\u00e3o ajudar o leitor viajante na sua jornada pelo mundo.&nbsp;Para isso temos um departamento de imprensa sempre pronto para receber suas sugest\u00f5es de pauta, al\u00e9m de convites para eventos, convites&nbsp;para viagens, reuni\u00f5es de neg\u00f3cios e coletivas de imprensa,&hellip; Leia mais","og_url":"https:\/\/umluxodeviagem.com.br\/?page_id=73","og_site_name":"Um luxo de viagem!","article_publisher":"https:\/\/www.facebook.com\/Um-luxo-de-viagem-1382513402055793\/","article_modified_time":"2021-01-26T15:43:28+00:00","og_image":[{"width":2560,"height":2276,"url":"https:\/\/umluxodeviagem.com.br\/wp-content\/uploads\/2020\/03\/17118-scaled.jpg","type":"image\/jpeg"}],"twitter_misc":{"Est. tempo de leitura":"1 minuto"},"schema":{"@context":"https:\/\/schema.org","@graph":[{"@type":"WebPage","@id":"https:\/\/umluxodeviagem.com.br\/?page_id=73","url":"https:\/\/umluxodeviagem.com.br\/?page_id=73","name":"Imprensa - Um luxo de viagem!","isPartOf":{"@id":"https:\/\/umluxodeviagem.com.br\/#website"},"datePublished":"2015-05-11T23:35:57+00:00","dateModified":"2021-01-26T15:43:28+00:00","breadcrumb":{"@id":"https:\/\/umluxodeviagem.com.br\/?page_id=73#breadcrumb"},"inLanguage":"pt-BR","potentialAction":[{"@type":"ReadAction","target":["https:\/\/umluxodeviagem.com.br\/?page_id=73"]}]},{"@type":"BreadcrumbList","@id":"https:\/\/umluxodeviagem.com.br\/?page_id=73#breadcrumb","itemListElement":[{"@type":"ListItem","position":1,"name":"In\u00edcio","item":"https:\/\/umluxodeviagem.com.br\/"},{"@type":"ListItem","position":2,"name":"Imprensa"}]},{"@type":"WebSite","@id":"https:\/\/umluxodeviagem.com.br\/#website","url":"https:\/\/umluxodeviagem.com.br\/","name":"Um luxo de viagem","description":"A melhor viagem \u00e9 sempre aquela que te transforma","publisher":{"@id":"https:\/\/umluxodeviagem.com.br\/#organization"},"potentialAction":[{"@type":"SearchAction","target":{"@type":"EntryPoint","urlTemplate":"https:\/\/umluxodeviagem.com.br\/?s={search_term_string}"},"query-input":"required name=search_term_string"}],"inLanguage":"pt-BR"},{"@type":"Organization","@id":"https:\/\/umluxodeviagem.com.br\/#organization","name":"Um Luxo de Viagem","url":"https:\/\/umluxodeviagem.com.br\/","logo":{"@type":"ImageObject","inLanguage":"pt-BR","@id":"https:\/\/umluxodeviagem.com.br\/#\/schema\/logo\/image\/","url":"","contentUrl":"","caption":"Um Luxo de Viagem"},"image":{"@id":"https:\/\/umluxodeviagem.com.br\/#\/schema\/logo\/image\/"},"sameAs":["http:\/\/instagram.com\/umluxodeviagemsempre","https:\/\/www.facebook.com\/Um-luxo-de-viagem-1382513402055793\/"]}]}},"_links":{"self":[{"href":"https:\/\/umluxodeviagem.com.br\/index.php?rest_route=\/wp\/v2\/pages\/73"}],"collection":[{"href":"https:\/\/umluxodeviagem.com.br\/index.php?rest_route=\/wp\/v2\/pages"}],"about":[{"href":"https:\/\/umluxodeviagem.com.br\/index.php?rest_route=\/wp\/v2\/types\/page"}],"author":[{"embeddable":true,"href":"https:\/\/umluxodeviagem.com.br\/index.php?rest_route=\/wp\/v2\/users\/1"}],"replies":[{"embeddable":true,"href":"https:\/\/umluxodeviagem.com.br\/index.php?rest_route=%2Fwp%2Fv2%2Fcomments&post=73"}],"version-history":[{"count":8,"href":"https:\/\/umluxodeviagem.com.br\/index.php?rest_route=\/wp\/v2\/pages\/73\/revisions"}],"predecessor-version":[{"id":1267,"href":"https:\/\/umluxodeviagem.com.br\/index.php?rest_route=\/wp\/v2\/pages\/73\/revisions\/1267"}],"wp:featuredmedia":[{"embeddable":true,"href":"https:\/\/umluxodeviagem.com.br\/index.php?rest_route=\/wp\/v2\/media\/1269"}],"wp:attachment":[{"href":"https:\/\/umluxodeviagem.com.br\/index.php?rest_route=%2Fwp%2Fv2%2Fmedia&parent=73"}],"curies":[{"name":"wp","href":"https:\/\/api.w.org\/{rel}","templated":true}]}}