{"id":906,"date":"2020-01-19T02:45:53","date_gmt":"2020-01-19T05:45:53","guid":{"rendered":"http:\/\/umluxodeviagem.com.br\/?page_id=906"},"modified":"2020-06-15T23:45:48","modified_gmt":"2020-06-16T02:45:48","slug":"categorias","status":"publish","type":"page","link":"https:\/\/umluxodeviagem.com.br\/?page_id=906","title":{"rendered":"Categorias"},"content":{"rendered":"\n<div class=\"is-layout-flow wp-block-group\"><div class=\"wp-block-group__inner-container\">\n<ul><li><strong><a href=\"https:\/\/umluxodeviagem.com.br\/destino\/alta-gastronomia\/\">Alta gastronomia<\/a><\/strong><\/li><li><strong><a href=\"https:\/\/umluxodeviagem.com.br\/destino\/avioes-helicopteros-e-jatos-particulares\/\">Avi\u00f5es. helic\u00f3pteros e jatos particulares<\/a><\/strong><\/li><li><strong><a href=\"https:\/\/umluxodeviagem.com.br\/destino\/campos-de-golfe\/\">Campos de golfe<\/a><\/strong><\/li><li><strong><a href=\"https:\/\/umluxodeviagem.com.br\/destino\/companhias-aereas\/\">Companhias a\u00e9reas<\/a><\/strong><\/li><li><strong><a href=\"https:\/\/umluxodeviagem.com.br\/destino\/cosmeticos-cosmeceuticos\/\">Cosm\u00e9ticos &amp; Cosmec\u00eauticos<\/a><\/strong><\/li><li><strong><a href=\"https:\/\/umluxodeviagem.com.br\/destino\/cruzeiros-aereos-fluviais-e-maritimos\/\">Cruzeiros a\u00e9reos, fluviais e mar\u00edtimos<\/a><\/strong><\/li><li><strong><a href=\"https:\/\/umluxodeviagem.com.br\/destino\/dicas\/\">Dicas<\/a><\/strong><\/li><li><strong><a href=\"https:\/\/umluxodeviagem.com.br\/destino\/destinos-internacional\/\">Destinos internacional<\/a><\/strong><\/li><li><strong><a href=\"https:\/\/umluxodeviagem.com.br\/destino\/destinos-nacional\/\">Destinos nacional<\/a><\/strong><\/li><li><strong><a href=\"https:\/\/umluxodeviagem.com.br\/destino\/hoteis-de-luxo\/\">Hot\u00e9is de luxo<\/a><\/strong><\/li><li><strong><a href=\"https:\/\/umluxodeviagem.com.br\/destino\/iates-e-navios\/\">Iates e navios<\/a><\/strong><\/li><li><strong><a href=\"https:\/\/umluxodeviagem.com.br\/destino\/moda-e-acessorios\/\">Moda e acess\u00f3rios<\/a><\/strong><\/li><li><strong><a href=\"https:\/\/umluxodeviagem.com.br\/destino\/pacotes-e-roteiros\/\">Pacotes e Roteiros<\/a><\/strong><\/li><li><strong><a href=\"https:\/\/umluxodeviagem.com.br\/destino\/parques\/\">Parques<\/a><\/strong><\/li><li><strong><a href=\"https:\/\/umluxodeviagem.com.br\/destino\/resorts-lodges\/\">Resorts &amp; Lodges<\/a><\/strong><\/li><li><strong><a href=\"https:\/\/umluxodeviagem.com.br\/destino\/passaportes-e-vistos\/\">Passaportes e vistos<\/a><\/strong><\/li><li><strong><a href=\"https:\/\/umluxodeviagem.com.br\/destino\/saude-bem-estar\/\">Sa\u00fade &amp; Bem estar<\/a><\/strong><\/li><li><strong><a href=\"https:\/\/umluxodeviagem.com.br\/destino\/seguro-viagem\/\">Seguro Viagem<\/a><\/strong><\/li><\/ul>\n<\/div><\/div>\n","protected":false},"excerpt":{"rendered":"<p>Alta gastronomia Avi\u00f5es. helic\u00f3pteros e jatos particulares Campos de golfe Companhias a\u00e9reas Cosm\u00e9ticos &amp; Cosmec\u00eauticos Cruzeiros a\u00e9reos, fluviais e mar\u00edtimos Dicas Destinos internacional Destinos nacional Hot\u00e9is de luxo Iates e navios Moda e acess\u00f3rios Pacotes e Roteiros Parques Resorts &amp; Lodges Passaportes e vistos Sa\u00fade &amp; Bem estar Seguro Viagem<\/p>\n","protected":false},"author":1,"featured_media":1504,"parent":0,"menu_order":0,"comment_status":"closed","ping_status":"closed","template":"","meta":[],"yoast_head":"<!-- This site is optimized with the Yoast SEO plugin v19.13 - https:\/\/yoast.com\/wordpress\/plugins\/seo\/ -->\n<title>Categorias - Um luxo de viagem!<\/title>\n<meta name=\"robots\" content=\"index, follow, max-snippet:-1, max-image-preview:large, max-video-preview:-1\" \/>\n<link rel=\"canonical\" href=\"https:\/\/umluxodeviagem.com.br\/?page_id=906\" \/>\n<meta property=\"og:locale\" content=\"pt_BR\" \/>\n<meta property=\"og:type\" content=\"article\" \/>\n<meta property=\"og:title\" content=\"Categorias - Um luxo de viagem!\" \/>\n<meta property=\"og:description\" content=\"Alta gastronomia Avi\u00f5es. helic\u00f3pteros e jatos particulares Campos de golfe Companhias a\u00e9reas Cosm\u00e9ticos &amp; Cosmec\u00eauticos Cruzeiros a\u00e9reos, fluviais e mar\u00edtimos Dicas Destinos internacional Destinos nacional Hot\u00e9is de luxo Iates e navios Moda e acess\u00f3rios Pacotes e Roteiros Parques Resorts &amp; Lodges Passaportes e vistos Sa\u00fade &amp; Bem estar Seguro Viagem\" \/>\n<meta property=\"og:url\" content=\"https:\/\/umluxodeviagem.com.br\/?page_id=906\" \/>\n<meta property=\"og:site_name\" content=\"Um luxo de viagem!\" \/>\n<meta property=\"article:publisher\" content=\"https:\/\/www.facebook.com\/Um-luxo-de-viagem-1382513402055793\/\" \/>\n<meta property=\"article:modified_time\" content=\"2020-06-16T02:45:48+00:00\" \/>\n<meta property=\"og:image\" content=\"https:\/\/umluxodeviagem.com.br\/wp-content\/uploads\/2020\/06\/17448651951_eafc1da69a_o-1.jpeg\" \/>\n\t<meta property=\"og:image:width\" content=\"928\" \/>\n\t<meta property=\"og:image:height\" content=\"602\" \/>\n\t<meta property=\"og:image:type\" content=\"image\/jpeg\" \/>\n<script type=\"application\/ld+json\" class=\"yoast-schema-graph\">{\"@context\":\"https:\/\/schema.org\",\"@graph\":[{\"@type\":\"WebPage\",\"@id\":\"https:\/\/umluxodeviagem.com.br\/?page_id=906\",\"url\":\"https:\/\/umluxodeviagem.com.br\/?page_id=906\",\"name\":\"Categorias - Um luxo de viagem!\",\"isPartOf\":{\"@id\":\"https:\/\/umluxodeviagem.com.br\/#website\"},\"datePublished\":\"2020-01-19T05:45:53+00:00\",\"dateModified\":\"2020-06-16T02:45:48+00:00\",\"breadcrumb\":{\"@id\":\"https:\/\/umluxodeviagem.com.br\/?page_id=906#breadcrumb\"},\"inLanguage\":\"pt-BR\",\"potentialAction\":[{\"@type\":\"ReadAction\",\"target\":[\"https:\/\/umluxodeviagem.com.br\/?page_id=906\"]}]},{\"@type\":\"BreadcrumbList\",\"@id\":\"https:\/\/umluxodeviagem.com.br\/?page_id=906#breadcrumb\",\"itemListElement\":[{\"@type\":\"ListItem\",\"position\":1,\"name\":\"In\u00edcio\",\"item\":\"https:\/\/umluxodeviagem.com.br\/\"},{\"@type\":\"ListItem\",\"position\":2,\"name\":\"Categorias\"}]},{\"@type\":\"WebSite\",\"@id\":\"https:\/\/umluxodeviagem.com.br\/#website\",\"url\":\"https:\/\/umluxodeviagem.com.br\/\",\"name\":\"Um luxo de viagem\",\"description\":\"A melhor viagem \u00e9 sempre aquela que te transforma\",\"publisher\":{\"@id\":\"https:\/\/umluxodeviagem.com.br\/#organization\"},\"potentialAction\":[{\"@type\":\"SearchAction\",\"target\":{\"@type\":\"EntryPoint\",\"urlTemplate\":\"https:\/\/umluxodeviagem.com.br\/?s={search_term_string}\"},\"query-input\":\"required name=search_term_string\"}],\"inLanguage\":\"pt-BR\"},{\"@type\":\"Organization\",\"@id\":\"https:\/\/umluxodeviagem.com.br\/#organization\",\"name\":\"Um Luxo de Viagem\",\"url\":\"https:\/\/umluxodeviagem.com.br\/\",\"logo\":{\"@type\":\"ImageObject\",\"inLanguage\":\"pt-BR\",\"@id\":\"https:\/\/umluxodeviagem.com.br\/#\/schema\/logo\/image\/\",\"url\":\"\",\"contentUrl\":\"\",\"caption\":\"Um Luxo de Viagem\"},\"image\":{\"@id\":\"https:\/\/umluxodeviagem.com.br\/#\/schema\/logo\/image\/\"},\"sameAs\":[\"http:\/\/instagram.com\/umluxodeviagemsempre\",\"https:\/\/www.facebook.com\/Um-luxo-de-viagem-1382513402055793\/\"]}]}<\/script>\n<!-- \/ Yoast SEO plugin. -->","yoast_head_json":{"title":"Categorias - Um luxo de viagem!","robots":{"index":"index","follow":"follow","max-snippet":"max-snippet:-1","max-image-preview":"max-image-preview:large","max-video-preview":"max-video-preview:-1"},"canonical":"https:\/\/umluxodeviagem.com.br\/?page_id=906","og_locale":"pt_BR","og_type":"article","og_title":"Categorias - Um luxo de viagem!","og_description":"Alta gastronomia Avi\u00f5es. helic\u00f3pteros e jatos particulares Campos de golfe Companhias a\u00e9reas Cosm\u00e9ticos &amp; Cosmec\u00eauticos Cruzeiros a\u00e9reos, fluviais e mar\u00edtimos Dicas Destinos internacional Destinos nacional Hot\u00e9is de luxo Iates e navios Moda e acess\u00f3rios Pacotes e Roteiros Parques Resorts &amp; Lodges Passaportes e vistos Sa\u00fade &amp; Bem estar Seguro Viagem","og_url":"https:\/\/umluxodeviagem.com.br\/?page_id=906","og_site_name":"Um luxo de viagem!","article_publisher":"https:\/\/www.facebook.com\/Um-luxo-de-viagem-1382513402055793\/","article_modified_time":"2020-06-16T02:45:48+00:00","og_image":[{"width":928,"height":602,"url":"https:\/\/umluxodeviagem.com.br\/wp-content\/uploads\/2020\/06\/17448651951_eafc1da69a_o-1.jpeg","type":"image\/jpeg"}],"schema":{"@context":"https:\/\/schema.org","@graph":[{"@type":"WebPage","@id":"https:\/\/umluxodeviagem.com.br\/?page_id=906","url":"https:\/\/umluxodeviagem.com.br\/?page_id=906","name":"Categorias - Um luxo de viagem!","isPartOf":{"@id":"https:\/\/umluxodeviagem.com.br\/#website"},"datePublished":"2020-01-19T05:45:53+00:00","dateModified":"2020-06-16T02:45:48+00:00","breadcrumb":{"@id":"https:\/\/umluxodeviagem.com.br\/?page_id=906#breadcrumb"},"inLanguage":"pt-BR","potentialAction":[{"@type":"ReadAction","target":["https:\/\/umluxodeviagem.com.br\/?page_id=906"]}]},{"@type":"BreadcrumbList","@id":"https:\/\/umluxodeviagem.com.br\/?page_id=906#breadcrumb","itemListElement":[{"@type":"ListItem","position":1,"name":"In\u00edcio","item":"https:\/\/umluxodeviagem.com.br\/"},{"@type":"ListItem","position":2,"name":"Categorias"}]},{"@type":"WebSite","@id":"https:\/\/umluxodeviagem.com.br\/#website","url":"https:\/\/umluxodeviagem.com.br\/","name":"Um luxo de viagem","description":"A melhor viagem \u00e9 sempre aquela que te transforma","publisher":{"@id":"https:\/\/umluxodeviagem.com.br\/#organization"},"potentialAction":[{"@type":"SearchAction","target":{"@type":"EntryPoint","urlTemplate":"https:\/\/umluxodeviagem.com.br\/?s={search_term_string}"},"query-input":"required name=search_term_string"}],"inLanguage":"pt-BR"},{"@type":"Organization","@id":"https:\/\/umluxodeviagem.com.br\/#organization","name":"Um Luxo de Viagem","url":"https:\/\/umluxodeviagem.com.br\/","logo":{"@type":"ImageObject","inLanguage":"pt-BR","@id":"https:\/\/umluxodeviagem.com.br\/#\/schema\/logo\/image\/","url":"","contentUrl":"","caption":"Um Luxo de Viagem"},"image":{"@id":"https:\/\/umluxodeviagem.com.br\/#\/schema\/logo\/image\/"},"sameAs":["http:\/\/instagram.com\/umluxodeviagemsempre","https:\/\/www.facebook.com\/Um-luxo-de-viagem-1382513402055793\/"]}]}},"_links":{"self":[{"href":"https:\/\/umluxodeviagem.com.br\/index.php?rest_route=\/wp\/v2\/pages\/906"}],"collection":[{"href":"https:\/\/umluxodeviagem.com.br\/index.php?rest_route=\/wp\/v2\/pages"}],"about":[{"href":"https:\/\/umluxodeviagem.com.br\/index.php?rest_route=\/wp\/v2\/types\/page"}],"author":[{"embeddable":true,"href":"https:\/\/umluxodeviagem.com.br\/index.php?rest_route=\/wp\/v2\/users\/1"}],"replies":[{"embeddable":true,"href":"https:\/\/umluxodeviagem.com.br\/index.php?rest_route=%2Fwp%2Fv2%2Fcomments&post=906"}],"version-history":[{"count":7,"href":"https:\/\/umluxodeviagem.com.br\/index.php?rest_route=\/wp\/v2\/pages\/906\/revisions"}],"predecessor-version":[{"id":1097,"href":"https:\/\/umluxodeviagem.com.br\/index.php?rest_route=\/wp\/v2\/pages\/906\/revisions\/1097"}],"wp:featuredmedia":[{"embeddable":true,"href":"https:\/\/umluxodeviagem.com.br\/index.php?rest_route=\/wp\/v2\/media\/1504"}],"wp:attachment":[{"href":"https:\/\/umluxodeviagem.com.br\/index.php?rest_route=%2Fwp%2Fv2%2Fmedia&parent=906"}],"curies":[{"name":"wp","href":"https:\/\/api.w.org\/{rel}","templated":true}]}}